{"id":1507,"date":"2025-05-05T15:47:44","date_gmt":"2025-05-05T08:47:44","guid":{"rendered":"https:\/\/tuongxanh.123websitedev.com\/?page_id=1507"},"modified":"2025-05-29T16:45:29","modified_gmt":"2025-05-29T09:45:29","slug":"cai-tao","status":"publish","type":"page","link":"https:\/\/nettuongxanh.com\/en\/duan\/cai-tao\/","title":{"rendered":"Renovation"},"content":{"rendered":"<div data-elementor-type=\"wp-page\" data-elementor-id=\"1507\" class=\"elementor elementor-1507\" data-elementor-post-type=\"page\">\n\t\t\t\t\t\t\t<div class=\"elementor-element elementor-element-d4756ba e-con-full e-flex e-con e-parent\" data-id=\"d4756ba\" data-element_type=\"container\" data-settings=\"{&quot;content_width&quot;:&quot;full&quot;}\" data-core-v316-plus=\"true\">\n\t\t<div class=\"elementor-element elementor-element-c7f90b2 e-flex e-con-boxed e-con e-child\" data-id=\"c7f90b2\" data-element_type=\"container\" data-settings=\"{&quot;content_width&quot;:&quot;boxed&quot;}\">\n\t\t\t\t\t<div class=\"e-con-inner\">\n\t\t\t\t<div class=\"elementor-element elementor-element-6c3e26f logo_du_an elementor-widget elementor-widget-image-box\" data-id=\"6c3e26f\" data-element_type=\"widget\" data-widget_type=\"image-box.default\">\n\t\t\t\t<div class=\"elementor-widget-container\">\n\t\t\t<style>\/*! elementor - v3.18.0 - 08-12-2023 *\/\n.elementor-widget-image-box .elementor-image-box-content{width:100%}@media (min-width:768px){.elementor-widget-image-box.elementor-position-left .elementor-image-box-wrapper,.elementor-widget-image-box.elementor-position-right .elementor-image-box-wrapper{display:flex}.elementor-widget-image-box.elementor-position-right .elementor-image-box-wrapper{text-align:right;flex-direction:row-reverse}.elementor-widget-image-box.elementor-position-left .elementor-image-box-wrapper{text-align:left;flex-direction:row}.elementor-widget-image-box.elementor-position-top .elementor-image-box-img{margin:auto}.elementor-widget-image-box.elementor-vertical-align-top .elementor-image-box-wrapper{align-items:flex-start}.elementor-widget-image-box.elementor-vertical-align-middle .elementor-image-box-wrapper{align-items:center}.elementor-widget-image-box.elementor-vertical-align-bottom .elementor-image-box-wrapper{align-items:flex-end}}@media (max-width:767px){.elementor-widget-image-box .elementor-image-box-img{margin-left:auto!important;margin-right:auto!important;margin-bottom:15px}}.elementor-widget-image-box .elementor-image-box-img{display:inline-block}.elementor-widget-image-box .elementor-image-box-title a{color:inherit}.elementor-widget-image-box .elementor-image-box-wrapper{text-align:center}.elementor-widget-image-box .elementor-image-box-description{margin:0}<\/style><div class=\"elementor-image-box-wrapper\"><div class=\"elementor-image-box-content\"><p class=\"elementor-image-box-description\">Founded by a team of highly qualified architects and engineers, GreenWall Design constantly updates modern design trends, applying advanced technical solutions to optimize functionality, ensuring aesthetics as well as sustainability for each project. Each project at GreenWall Design is carefully crafted, from the idea stage to the completion of construction. We believe that customer satisfaction and trust are the greatest measure of success for a business.<\/p><\/div><\/div>\t\t<\/div>\n\t\t\t\t<\/div>\n\t\t\t\t\t<\/div>\n\t\t\t\t<\/div>\n\t\t<div class=\"elementor-element elementor-element-95e9d87 e-con-full e-flex e-con e-child\" data-id=\"95e9d87\" data-element_type=\"container\" data-settings=\"{&quot;content_width&quot;:&quot;full&quot;}\">\n\t\t\t\t<div class=\"elementor-element elementor-element-cd6d0eb elementor-grid-4 elementor-grid-mobile-1 elementor-grid-tablet-2 elementor-widget elementor-widget-loop-grid\" data-id=\"cd6d0eb\" data-element_type=\"widget\" data-settings=\"{&quot;template_id&quot;:250,&quot;columns&quot;:4,&quot;columns_mobile&quot;:1,&quot;pagination_type&quot;:&quot;numbers_and_prev_next&quot;,&quot;pagination_load_type&quot;:&quot;ajax&quot;,&quot;row_gap&quot;:{&quot;unit&quot;:&quot;px&quot;,&quot;size&quot;:5,&quot;sizes&quot;:[]},&quot;_skin&quot;:&quot;post&quot;,&quot;columns_tablet&quot;:&quot;2&quot;,&quot;edit_handle_selector&quot;:&quot;[data-elementor-type=\\&quot;loop-item\\&quot;]&quot;,&quot;row_gap_tablet&quot;:{&quot;unit&quot;:&quot;px&quot;,&quot;size&quot;:&quot;&quot;,&quot;sizes&quot;:[]},&quot;row_gap_mobile&quot;:{&quot;unit&quot;:&quot;px&quot;,&quot;size&quot;:&quot;&quot;,&quot;sizes&quot;:[]}}\" data-widget_type=\"loop-grid.post\">\n\t\t\t\t<div class=\"elementor-widget-container\">\n\t\t\t<link rel=\"stylesheet\" href=\"https:\/\/nettuongxanh.com\/wp-content\/plugins\/elementor-pro\/assets\/css\/widget-loop-builder.min.css\">\t\t<div class=\"e-loop-nothing-found-message\">\n\t\t<\/div>\n\t\t\t\t<\/div>\n\t\t\t\t<\/div>\n\t\t\t\t<\/div>\n\t\t\t\t<\/div>\n\t\t\t\t\t\t\t<\/div>","protected":false},"excerpt":{"rendered":"<p>\u0110\u01b0\u1ee3c th\u00e0nh l\u1eadp b\u1edfi \u0111\u1ed9i ng\u0169 ki\u1ebfn tr\u00fac s\u01b0 v\u00e0 k\u1ef9 s\u01b0 c\u00f3 chuy\u00ean m\u00f4n cao, GreenWall Design kh\u00f4ng ng\u1eebng c\u1eadp nh\u1eadt c\u00e1c xu h\u01b0\u1edbng thi\u1ebft k\u1ebf hi\u1ec7n \u0111\u1ea1i, \u1ee9ng d\u1ee5ng c\u00e1c gi\u1ea3i ph\u00e1p k\u1ef9 thu\u1eadt ti\u00ean ti\u1ebfn nh\u1eb1m t\u1ed1i \u01b0u c\u00f4ng n\u0103ng s\u1eed d\u1ee5ng, \u0111\u1ea3m b\u1ea3o t\u00ednh th\u1ea9m m\u1ef9 c\u0169ng nh\u01b0 \u0111\u1ed9 b\u1ec1n v\u1eefng [&hellip;]<\/p>","protected":false},"author":2,"featured_media":0,"parent":45,"menu_order":9,"comment_status":"closed","ping_status":"closed","template":"elementor_header_footer","meta":{"footnotes":""},"blocksy_meta":[],"acf":[],"yoast_head":"<!-- This site is optimized with the Yoast SEO Premium plugin v20.4 (Yoast SEO v20.4) - https:\/\/yoast.com\/wordpress\/plugins\/seo\/ -->\n<title>C\u1ea3i t\u1ea1o - N\u00e9t T\u01b0\u1eddng Xanh<\/title>\n<meta name=\"robots\" content=\"index, follow, max-snippet:-1, max-image-preview:large, max-video-preview:-1\" \/>\n<link rel=\"canonical\" href=\"https:\/\/nettuongxanh.com\/en\/duan\/cai-tao\/\" \/>\n<meta property=\"og:locale\" content=\"en_US\" \/>\n<meta property=\"og:type\" content=\"article\" \/>\n<meta property=\"og:title\" content=\"C\u1ea3i t\u1ea1o\" \/>\n<meta property=\"og:description\" content=\"\u0110\u01b0\u1ee3c th\u00e0nh l\u1eadp b\u1edfi \u0111\u1ed9i ng\u0169 ki\u1ebfn tr\u00fac s\u01b0 v\u00e0 k\u1ef9 s\u01b0 c\u00f3 chuy\u00ean m\u00f4n cao, GreenWall Design kh\u00f4ng ng\u1eebng c\u1eadp nh\u1eadt c\u00e1c xu h\u01b0\u1edbng thi\u1ebft k\u1ebf hi\u1ec7n \u0111\u1ea1i, \u1ee9ng d\u1ee5ng c\u00e1c gi\u1ea3i ph\u00e1p k\u1ef9 thu\u1eadt ti\u00ean ti\u1ebfn nh\u1eb1m t\u1ed1i \u01b0u c\u00f4ng n\u0103ng s\u1eed d\u1ee5ng, \u0111\u1ea3m b\u1ea3o t\u00ednh th\u1ea9m m\u1ef9 c\u0169ng nh\u01b0 \u0111\u1ed9 b\u1ec1n v\u1eefng [&hellip;]\" \/>\n<meta property=\"og:url\" content=\"https:\/\/nettuongxanh.com\/en\/duan\/cai-tao\/\" \/>\n<meta property=\"og:site_name\" content=\"N\u00e9t T\u01b0\u1eddng Xanh\" \/>\n<meta property=\"article:modified_time\" content=\"2025-05-29T09:45:29+00:00\" \/>\n<meta name=\"twitter:card\" content=\"summary_large_image\" \/>\n<meta name=\"twitter:label1\" content=\"Est. reading time\" \/>\n\t<meta name=\"twitter:data1\" content=\"1 minute\" \/>\n<script type=\"application\/ld+json\" class=\"yoast-schema-graph\">{\"@context\":\"https:\/\/schema.org\",\"@graph\":[{\"@type\":\"WebPage\",\"@id\":\"https:\/\/nettuongxanh.com\/duan\/cai-tao\/\",\"url\":\"https:\/\/nettuongxanh.com\/duan\/cai-tao\/\",\"name\":\"C\u1ea3i t\u1ea1o - N\u00e9t T\u01b0\u1eddng Xanh\",\"isPartOf\":{\"@id\":\"https:\/\/nettuongxanh.com\/#website\"},\"datePublished\":\"2025-05-05T08:47:44+00:00\",\"dateModified\":\"2025-05-29T09:45:29+00:00\",\"breadcrumb\":{\"@id\":\"https:\/\/nettuongxanh.com\/duan\/cai-tao\/#breadcrumb\"},\"inLanguage\":\"en-US\",\"potentialAction\":[{\"@type\":\"ReadAction\",\"target\":[\"https:\/\/nettuongxanh.com\/duan\/cai-tao\/\"]}]},{\"@type\":\"BreadcrumbList\",\"@id\":\"https:\/\/nettuongxanh.com\/duan\/cai-tao\/#breadcrumb\",\"itemListElement\":[{\"@type\":\"ListItem\",\"position\":1,\"name\":\"Home\",\"item\":\"https:\/\/nettuongxanh.com\/\"},{\"@type\":\"ListItem\",\"position\":2,\"name\":\"D\u1ef1 \u00e1n\",\"item\":\"https:\/\/nettuongxanh.com\/duan\/\"},{\"@type\":\"ListItem\",\"position\":3,\"name\":\"C\u1ea3i t\u1ea1o\"}]},{\"@type\":\"WebSite\",\"@id\":\"https:\/\/nettuongxanh.com\/#website\",\"url\":\"https:\/\/nettuongxanh.com\/\",\"name\":\"N\u00e9t T\u01b0\u1eddng Xanh\",\"description\":\"\",\"publisher\":{\"@id\":\"https:\/\/nettuongxanh.com\/#organization\"},\"potentialAction\":[{\"@type\":\"SearchAction\",\"target\":{\"@type\":\"EntryPoint\",\"urlTemplate\":\"https:\/\/nettuongxanh.com\/?s={search_term_string}\"},\"query-input\":\"required name=search_term_string\"}],\"inLanguage\":\"en-US\"},{\"@type\":\"Organization\",\"@id\":\"https:\/\/nettuongxanh.com\/#organization\",\"name\":\"N\u00e9t T\u01b0\u1eddng Xanh\",\"url\":\"https:\/\/nettuongxanh.com\/\",\"logo\":{\"@type\":\"ImageObject\",\"inLanguage\":\"en-US\",\"@id\":\"https:\/\/nettuongxanh.com\/#\/schema\/logo\/image\/\",\"url\":\"https:\/\/nettuongxanh.com\/wp-content\/uploads\/2025\/05\/logowhite.png\",\"contentUrl\":\"https:\/\/nettuongxanh.com\/wp-content\/uploads\/2025\/05\/logowhite.png\",\"width\":1398,\"height\":587,\"caption\":\"N\u00e9t T\u01b0\u1eddng Xanh\"},\"image\":{\"@id\":\"https:\/\/nettuongxanh.com\/#\/schema\/logo\/image\/\"}}]}<\/script>\n<!-- \/ Yoast SEO Premium plugin. -->","yoast_head_json":{"title":"C\u1ea3i t\u1ea1o - N\u00e9t T\u01b0\u1eddng Xanh","robots":{"index":"index","follow":"follow","max-snippet":"max-snippet:-1","max-image-preview":"max-image-preview:large","max-video-preview":"max-video-preview:-1"},"canonical":"https:\/\/nettuongxanh.com\/en\/duan\/cai-tao\/","og_locale":"en_US","og_type":"article","og_title":"C\u1ea3i t\u1ea1o","og_description":"\u0110\u01b0\u1ee3c th\u00e0nh l\u1eadp b\u1edfi \u0111\u1ed9i ng\u0169 ki\u1ebfn tr\u00fac s\u01b0 v\u00e0 k\u1ef9 s\u01b0 c\u00f3 chuy\u00ean m\u00f4n cao, GreenWall Design kh\u00f4ng ng\u1eebng c\u1eadp nh\u1eadt c\u00e1c xu h\u01b0\u1edbng thi\u1ebft k\u1ebf hi\u1ec7n \u0111\u1ea1i, \u1ee9ng d\u1ee5ng c\u00e1c gi\u1ea3i ph\u00e1p k\u1ef9 thu\u1eadt ti\u00ean ti\u1ebfn nh\u1eb1m t\u1ed1i \u01b0u c\u00f4ng n\u0103ng s\u1eed d\u1ee5ng, \u0111\u1ea3m b\u1ea3o t\u00ednh th\u1ea9m m\u1ef9 c\u0169ng nh\u01b0 \u0111\u1ed9 b\u1ec1n v\u1eefng [&hellip;]","og_url":"https:\/\/nettuongxanh.com\/en\/duan\/cai-tao\/","og_site_name":"N\u00e9t T\u01b0\u1eddng Xanh","article_modified_time":"2025-05-29T09:45:29+00:00","twitter_card":"summary_large_image","twitter_misc":{"Est. reading time":"1 minute"},"schema":{"@context":"https:\/\/schema.org","@graph":[{"@type":"WebPage","@id":"https:\/\/nettuongxanh.com\/duan\/cai-tao\/","url":"https:\/\/nettuongxanh.com\/duan\/cai-tao\/","name":"C\u1ea3i t\u1ea1o - N\u00e9t T\u01b0\u1eddng Xanh","isPartOf":{"@id":"https:\/\/nettuongxanh.com\/#website"},"datePublished":"2025-05-05T08:47:44+00:00","dateModified":"2025-05-29T09:45:29+00:00","breadcrumb":{"@id":"https:\/\/nettuongxanh.com\/duan\/cai-tao\/#breadcrumb"},"inLanguage":"en-US","potentialAction":[{"@type":"ReadAction","target":["https:\/\/nettuongxanh.com\/duan\/cai-tao\/"]}]},{"@type":"BreadcrumbList","@id":"https:\/\/nettuongxanh.com\/duan\/cai-tao\/#breadcrumb","itemListElement":[{"@type":"ListItem","position":1,"name":"Home","item":"https:\/\/nettuongxanh.com\/"},{"@type":"ListItem","position":2,"name":"D\u1ef1 \u00e1n","item":"https:\/\/nettuongxanh.com\/duan\/"},{"@type":"ListItem","position":3,"name":"C\u1ea3i t\u1ea1o"}]},{"@type":"WebSite","@id":"https:\/\/nettuongxanh.com\/#website","url":"https:\/\/nettuongxanh.com\/","name":"N\u00e9t T\u01b0\u1eddng Xanh","description":"","publisher":{"@id":"https:\/\/nettuongxanh.com\/#organization"},"potentialAction":[{"@type":"SearchAction","target":{"@type":"EntryPoint","urlTemplate":"https:\/\/nettuongxanh.com\/?s={search_term_string}"},"query-input":"required name=search_term_string"}],"inLanguage":"en-US"},{"@type":"Organization","@id":"https:\/\/nettuongxanh.com\/#organization","name":"N\u00e9t T\u01b0\u1eddng Xanh","url":"https:\/\/nettuongxanh.com\/","logo":{"@type":"ImageObject","inLanguage":"en-US","@id":"https:\/\/nettuongxanh.com\/#\/schema\/logo\/image\/","url":"https:\/\/nettuongxanh.com\/wp-content\/uploads\/2025\/05\/logowhite.png","contentUrl":"https:\/\/nettuongxanh.com\/wp-content\/uploads\/2025\/05\/logowhite.png","width":1398,"height":587,"caption":"N\u00e9t T\u01b0\u1eddng Xanh"},"image":{"@id":"https:\/\/nettuongxanh.com\/#\/schema\/logo\/image\/"}}]}},"_links":{"self":[{"href":"https:\/\/nettuongxanh.com\/en\/wp-json\/wp\/v2\/pages\/1507"}],"collection":[{"href":"https:\/\/nettuongxanh.com\/en\/wp-json\/wp\/v2\/pages"}],"about":[{"href":"https:\/\/nettuongxanh.com\/en\/wp-json\/wp\/v2\/types\/page"}],"author":[{"embeddable":true,"href":"https:\/\/nettuongxanh.com\/en\/wp-json\/wp\/v2\/users\/2"}],"replies":[{"embeddable":true,"href":"https:\/\/nettuongxanh.com\/en\/wp-json\/wp\/v2\/comments?post=1507"}],"version-history":[{"count":50,"href":"https:\/\/nettuongxanh.com\/en\/wp-json\/wp\/v2\/pages\/1507\/revisions"}],"predecessor-version":[{"id":2212,"href":"https:\/\/nettuongxanh.com\/en\/wp-json\/wp\/v2\/pages\/1507\/revisions\/2212"}],"up":[{"embeddable":true,"href":"https:\/\/nettuongxanh.com\/en\/wp-json\/wp\/v2\/pages\/45"}],"wp:attachment":[{"href":"https:\/\/nettuongxanh.com\/en\/wp-json\/wp\/v2\/media?parent=1507"}],"curies":[{"name":"wp","href":"https:\/\/api.w.org\/{rel}","templated":true}]}}