{"id":1571,"date":"2025-05-05T16:18:14","date_gmt":"2025-05-05T09:18:14","guid":{"rendered":"https:\/\/tuongxanh.123websitedev.com\/?page_id=1571"},"modified":"2026-04-10T13:42:38","modified_gmt":"2026-04-10T06:42:38","slug":"don-gia-thi-cong","status":"publish","type":"page","link":"https:\/\/nettuongxanh.com\/en\/don-gia-thi-cong\/","title":{"rendered":"Design price"},"content":{"rendered":"<div data-elementor-type=\"wp-page\" data-elementor-id=\"1571\" class=\"elementor elementor-1571\" data-elementor-post-type=\"page\">\n\t\t\t\t\t\t\t<div class=\"elementor-element elementor-element-72d8f7b e-flex e-con-boxed e-con e-parent\" data-id=\"72d8f7b\" data-element_type=\"container\" data-settings=\"{&quot;content_width&quot;:&quot;boxed&quot;}\" data-core-v316-plus=\"true\">\n\t\t\t\t\t<div class=\"e-con-inner\">\n\t\t\t\t<div class=\"elementor-element elementor-element-a00fcde elementor-widget elementor-widget-text-editor\" data-id=\"a00fcde\" data-element_type=\"widget\" data-widget_type=\"text-editor.default\">\n\t\t\t\t<div class=\"elementor-widget-container\">\n\t\t\t<style>\/*! elementor - v3.18.0 - 08-12-2023 *\/\n.elementor-widget-text-editor.elementor-drop-cap-view-stacked .elementor-drop-cap{background-color:#69727d;color:#fff}.elementor-widget-text-editor.elementor-drop-cap-view-framed .elementor-drop-cap{color:#69727d;border:3px solid;background-color:transparent}.elementor-widget-text-editor:not(.elementor-drop-cap-view-default) .elementor-drop-cap{margin-top:8px}.elementor-widget-text-editor:not(.elementor-drop-cap-view-default) .elementor-drop-cap-letter{width:1em;height:1em}.elementor-widget-text-editor .elementor-drop-cap{float:left;text-align:center;line-height:1;font-size:50px}.elementor-widget-text-editor .elementor-drop-cap-letter{display:inline-block}<\/style>\t\t\t\t<p data-start=\"274\" data-end=\"450\">\u0110\u01a1n gi\u00e1 thi\u1ebft k\u1ebf \u0111\u01b0\u1ee3c x\u00e2y d\u1ef1ng d\u1ef1a tr\u00ean quy m\u00f4 c\u00f4ng tr\u00ecnh, m\u1ee9c \u0111\u1ed9 chi ti\u1ebft h\u1ed3 s\u01a1 v\u00e0 y\u00eau c\u1ea7u k\u1ef9 thu\u1eadt th\u1ef1c t\u1ebf. M\u1ed7i g\u00f3i d\u1ecbch v\u1ee5 bao g\u1ed3m \u0111\u1ea7y \u0111\u1ee7 c\u00e1c h\u1ea1ng m\u1ee5c tri\u1ec3n khai c\u1ea7n thi\u1ebft nh\u1eb1m \u0111\u1ea3m b\u1ea3o c\u00f4ng tr\u00ecnh thi c\u00f4ng \u0111\u00fang thi\u1ebft k\u1ebf v\u00e0 ki\u1ec3m so\u00e1t hi\u1ec7u qu\u1ea3 ng\u00e2n s\u00e1ch \u0111\u1ea7u t\u01b0.<\/p><p data-start=\"1336\" data-end=\"1518\">\u00a0<\/p>\t\t\t\t\t\t<\/div>\n\t\t\t\t<\/div>\n\t\t\t\t\t<\/div>\n\t\t\t\t<\/div>\n\t\t<div class=\"elementor-element elementor-element-dddf1af e-flex e-con-boxed e-con e-parent\" data-id=\"dddf1af\" data-element_type=\"container\" data-settings=\"{&quot;content_width&quot;:&quot;boxed&quot;}\" data-core-v316-plus=\"true\">\n\t\t\t\t\t<div class=\"e-con-inner\">\n\t\t\t\t<div class=\"elementor-element elementor-element-7ed3edb elementor-widget elementor-widget-image\" data-id=\"7ed3edb\" data-element_type=\"widget\" data-widget_type=\"image.default\">\n\t\t\t\t<div class=\"elementor-widget-container\">\n\t\t\t<style>\/*! elementor - v3.18.0 - 08-12-2023 *\/\n.elementor-widget-image{text-align:center}.elementor-widget-image a{display:inline-block}.elementor-widget-image a img[src$=\".svg\"]{width:48px}.elementor-widget-image img{vertical-align:middle;display:inline-block}<\/style>\t\t\t\t\t\t\t\t\t\t\t\t<img fetchpriority=\"high\" decoding=\"async\" width=\"1248\" height=\"1920\" src=\"https:\/\/nettuongxanh.com\/wp-content\/uploads\/2026\/04\/GIA-THIET-KE-2026-03-1.png\" class=\"attachment-full size-full wp-image-2632\" alt=\"\" srcset=\"https:\/\/nettuongxanh.com\/wp-content\/uploads\/2026\/04\/GIA-THIET-KE-2026-03-1.png 1248w, https:\/\/nettuongxanh.com\/wp-content\/uploads\/2026\/04\/GIA-THIET-KE-2026-03-1-195x300.png 195w, https:\/\/nettuongxanh.com\/wp-content\/uploads\/2026\/04\/GIA-THIET-KE-2026-03-1-666x1024.png 666w, https:\/\/nettuongxanh.com\/wp-content\/uploads\/2026\/04\/GIA-THIET-KE-2026-03-1-768x1182.png 768w, https:\/\/nettuongxanh.com\/wp-content\/uploads\/2026\/04\/GIA-THIET-KE-2026-03-1-998x1536.png 998w, https:\/\/nettuongxanh.com\/wp-content\/uploads\/2026\/04\/GIA-THIET-KE-2026-03-1-8x12.png 8w\" sizes=\"(max-width: 1248px) 100vw, 1248px\" \/>\t\t\t\t\t\t\t\t\t\t\t\t\t\t\t<\/div>\n\t\t\t\t<\/div>\n\t\t\t\t\t<\/div>\n\t\t\t\t<\/div>\n\t\t<div class=\"elementor-element elementor-element-ffbc2be e-flex e-con-boxed e-con e-parent\" data-id=\"ffbc2be\" data-element_type=\"container\" data-settings=\"{&quot;content_width&quot;:&quot;boxed&quot;}\" data-core-v316-plus=\"true\">\n\t\t\t\t\t<div class=\"e-con-inner\">\n\t\t\t\t<div class=\"elementor-element elementor-element-723d21f elementor-widget elementor-widget-image\" data-id=\"723d21f\" data-element_type=\"widget\" data-widget_type=\"image.default\">\n\t\t\t\t<div class=\"elementor-widget-container\">\n\t\t\t\t\t\t\t\t\t\t\t\t\t\t\t<img decoding=\"async\" width=\"1248\" height=\"1920\" src=\"https:\/\/nettuongxanh.com\/wp-content\/uploads\/2026\/04\/GIA-THIET-KE-2026-01.png\" class=\"attachment-full size-full wp-image-2633\" alt=\"\" srcset=\"https:\/\/nettuongxanh.com\/wp-content\/uploads\/2026\/04\/GIA-THIET-KE-2026-01.png 1248w, https:\/\/nettuongxanh.com\/wp-content\/uploads\/2026\/04\/GIA-THIET-KE-2026-01-195x300.png 195w, https:\/\/nettuongxanh.com\/wp-content\/uploads\/2026\/04\/GIA-THIET-KE-2026-01-666x1024.png 666w, https:\/\/nettuongxanh.com\/wp-content\/uploads\/2026\/04\/GIA-THIET-KE-2026-01-768x1182.png 768w, https:\/\/nettuongxanh.com\/wp-content\/uploads\/2026\/04\/GIA-THIET-KE-2026-01-998x1536.png 998w, https:\/\/nettuongxanh.com\/wp-content\/uploads\/2026\/04\/GIA-THIET-KE-2026-01-8x12.png 8w\" sizes=\"(max-width: 1248px) 100vw, 1248px\" \/>\t\t\t\t\t\t\t\t\t\t\t\t\t\t\t<\/div>\n\t\t\t\t<\/div>\n\t\t\t\t\t<\/div>\n\t\t\t\t<\/div>\n\t\t<div class=\"elementor-element elementor-element-ca0ce24 e-flex e-con-boxed e-con e-parent\" data-id=\"ca0ce24\" data-element_type=\"container\" data-settings=\"{&quot;content_width&quot;:&quot;boxed&quot;}\" data-core-v316-plus=\"true\">\n\t\t\t\t\t<div class=\"e-con-inner\">\n\t\t\t\t<div class=\"elementor-element elementor-element-1aa9804 elementor-widget elementor-widget-text-editor\" data-id=\"1aa9804\" data-element_type=\"widget\" data-widget_type=\"text-editor.default\">\n\t\t\t\t<div class=\"elementor-widget-container\">\n\t\t\t\t\t\t\t<h2 data-start=\"3038\" data-end=\"3068\"><strong>Cam k\u1ebft t\u1eeb N\u00e9t T\u01b0\u1eddng Xanh<\/strong><\/h2><ul><li data-start=\"144\" data-end=\"220\"><p data-start=\"146\" data-end=\"220\">H\u1ed3 s\u01a1 thi\u1ebft k\u1ebf \u0111\u1ea7y \u0111\u1ee7, r\u00f5 r\u00e0ng v\u00e0 \u0111\u1ea3m b\u1ea3o t\u00ednh kh\u1ea3 thi thi c\u00f4ng th\u1ef1c t\u1ebf.<\/p><\/li><li data-start=\"221\" data-end=\"293\"><p data-start=\"223\" data-end=\"293\">Gi\u1ea3i ph\u00e1p t\u1ed1i \u01b0u chi ph\u00ed \u0111\u1ea7u t\u01b0 tr\u00ean c\u01a1 s\u1edf hi\u1ec7u qu\u1ea3 s\u1eed d\u1ee5ng l\u00e2u d\u00e0i.<\/p><\/li><li data-start=\"294\" data-end=\"372\"><p data-start=\"296\" data-end=\"372\">\u0110i\u1ec1u ch\u1ec9nh thi\u1ebft k\u1ebf theo ph\u1ea1m vi v\u00e0 quy \u0111\u1ecbnh \u0111\u00e3 th\u1ed1ng nh\u1ea5t trong h\u1ee3p \u0111\u1ed3ng.<\/p><\/li><li data-start=\"373\" data-end=\"457\"><p data-start=\"375\" data-end=\"457\">\u0110\u1ed3ng h\u00e0nh xuy\u00ean su\u1ed1t qu\u00e1 tr\u00ecnh tri\u1ec3n khai nh\u1eb1m \u0111\u1ea3m b\u1ea3o \u0111\u00fang \u0111\u1ecbnh h\u01b0\u1edbng thi\u1ebft k\u1ebf.<\/p><\/li><li data-start=\"458\" data-end=\"526\"><p data-start=\"460\" data-end=\"526\">Minh b\u1ea1ch chi ph\u00ed, kh\u00f4ng ph\u00e1t sinh ngo\u00e0i n\u1ed9i dung \u0111\u00e3 th\u1ecfa thu\u1eadn.<\/p><\/li><\/ul>\t\t\t\t\t\t<\/div>\n\t\t\t\t<\/div>\n\t\t\t\t\t<\/div>\n\t\t\t\t<\/div>\n\t\t<div class=\"elementor-element elementor-element-767b7ec e-flex e-con-boxed e-con e-parent\" data-id=\"767b7ec\" data-element_type=\"container\" data-settings=\"{&quot;content_width&quot;:&quot;boxed&quot;}\" data-core-v316-plus=\"true\">\n\t\t\t\t\t<div class=\"e-con-inner\">\n\t\t\t\t<div class=\"elementor-element elementor-element-b67943a elementor-widget elementor-widget-text-editor\" data-id=\"b67943a\" data-element_type=\"widget\" data-widget_type=\"text-editor.default\">\n\t\t\t\t<div class=\"elementor-widget-container\">\n\t\t\t\t\t\t\t<h3 data-start=\"3038\" data-end=\"3068\">L\u01b0u \u00fd<\/h3><ul><li data-start=\"155\" data-end=\"201\">\u0110\u01a1n gi\u00e1 tr\u00ean ch\u01b0a bao g\u1ed3m thu\u1ebf VAT (n\u1ebfu c\u00f3).<\/li><li data-start=\"155\" data-end=\"201\">Chi ph\u00ed thi\u1ebft k\u1ebf \u0111\u01b0\u1ee3c t\u00ednh theo ph\u1ea1m vi c\u00f4ng vi\u1ec7c v\u00e0 m\u1ee9c \u0111\u1ed9 tri\u1ec3n khai h\u1ed3 s\u01a1, kh\u00f4ng ph\u1ee5 thu\u1ed9c v\u00e0o t\u1ed5ng chi ph\u00ed x\u00e2y d\u1ef1ng.<\/li><li data-start=\"155\" data-end=\"201\">Gi\u00e1 tr\u1ecb h\u1ee3p \u0111\u1ed3ng t\u1ed1i thi\u1ec3u s\u1ebd \u0111\u01b0\u1ee3c x\u00e1c \u0111\u1ecbnh theo quy m\u00f4 v\u00e0 lo\u1ea1i h\u00ecnh c\u00f4ng tr\u00ecnh c\u1ee5 th\u1ec3.<\/li><li data-start=\"155\" data-end=\"201\">\u0110\u1ed1i v\u1edbi c\u00f4ng tr\u00ecnh ngo\u00e0i khu v\u1ef1c TP.HCM, chi ph\u00ed kh\u1ea3o s\u00e1t v\u00e0 \u0111i l\u1ea1i (n\u1ebfu ph\u00e1t sinh) s\u1ebd \u0111\u01b0\u1ee3c trao \u0111\u1ed5i v\u00e0 th\u1ed1ng nh\u1ea5t tr\u01b0\u1edbc khi th\u1ef1c hi\u1ec7n.<\/li><li data-start=\"155\" data-end=\"201\">Tr\u01b0\u1eddng h\u1ee3p thay \u0111\u1ed5i ph\u1ea1m vi thi\u1ebft k\u1ebf sau khi \u0111\u00e3 ph\u00ea duy\u1ec7t, chi ph\u00ed \u0111i\u1ec1u ch\u1ec9nh s\u1ebd \u0111\u01b0\u1ee3c t\u00ednh b\u1ed5 sung theo kh\u1ed1i l\u01b0\u1ee3ng ph\u00e1t sinh th\u1ef1c t\u1ebf.<\/li><li data-start=\"155\" data-end=\"201\">H\u1ed3 s\u01a1 xin ph\u00e9p x\u00e2y d\u1ef1ng ho\u1eb7c c\u00e1c y\u00eau c\u1ea7u \u0111\u1eb7c bi\u1ec7t kh\u00e1c s\u1ebd \u0111\u01b0\u1ee3c b\u00e1o gi\u00e1 ri\u00eang t\u00f9y theo n\u1ed9i dung tri\u1ec3n khai.<\/li><\/ul>\t\t\t\t\t\t<\/div>\n\t\t\t\t<\/div>\n\t\t\t\t\t<\/div>\n\t\t\t\t<\/div>\n\t\t<div class=\"elementor-element elementor-element-8f0bda9 e-flex e-con-boxed e-con e-parent\" data-id=\"8f0bda9\" data-element_type=\"container\" data-settings=\"{&quot;content_width&quot;:&quot;boxed&quot;}\" data-core-v316-plus=\"true\">\n\t\t\t\t\t<div class=\"e-con-inner\">\n\t\t\t\t\t<\/div>\n\t\t\t\t<\/div>\n\t\t\t\t\t\t\t<\/div>","protected":false},"excerpt":{"rendered":"<p>\u0110\u01a1n gi\u00e1 thi\u1ebft k\u1ebf \u0111\u01b0\u1ee3c x\u00e2y d\u1ef1ng d\u1ef1a tr\u00ean quy m\u00f4 c\u00f4ng tr\u00ecnh, m\u1ee9c \u0111\u1ed9 chi ti\u1ebft h\u1ed3 s\u01a1 v\u00e0 y\u00eau c\u1ea7u k\u1ef9 thu\u1eadt th\u1ef1c t\u1ebf. M\u1ed7i g\u00f3i d\u1ecbch v\u1ee5 bao g\u1ed3m \u0111\u1ea7y \u0111\u1ee7 c\u00e1c h\u1ea1ng m\u1ee5c tri\u1ec3n khai c\u1ea7n thi\u1ebft nh\u1eb1m \u0111\u1ea3m b\u1ea3o c\u00f4ng tr\u00ecnh thi c\u00f4ng \u0111\u00fang thi\u1ebft k\u1ebf v\u00e0 ki\u1ec3m so\u00e1t hi\u1ec7u [&hellip;]<\/p>","protected":false},"author":2,"featured_media":0,"parent":0,"menu_order":14,"comment_status":"closed","ping_status":"closed","template":"elementor_header_footer","meta":{"footnotes":""},"blocksy_meta":[],"acf":[],"yoast_head":"<!-- This site is optimized with the Yoast SEO Premium plugin v20.4 (Yoast SEO v20.4) - https:\/\/yoast.com\/wordpress\/plugins\/seo\/ -->\n<title>\u0110\u01a1n gi\u00e1 thi\u1ebft k\u1ebf - N\u00e9t T\u01b0\u1eddng Xanh<\/title>\n<meta name=\"robots\" content=\"index, follow, max-snippet:-1, max-image-preview:large, max-video-preview:-1\" \/>\n<link rel=\"canonical\" href=\"https:\/\/nettuongxanh.com\/en\/don-gia-thi-cong\/\" \/>\n<meta property=\"og:locale\" content=\"en_US\" \/>\n<meta property=\"og:type\" content=\"article\" \/>\n<meta property=\"og:title\" content=\"\u0110\u01a1n gi\u00e1 thi\u1ebft k\u1ebf\" \/>\n<meta property=\"og:description\" content=\"\u0110\u01a1n gi\u00e1 thi\u1ebft k\u1ebf \u0111\u01b0\u1ee3c x\u00e2y d\u1ef1ng d\u1ef1a tr\u00ean quy m\u00f4 c\u00f4ng tr\u00ecnh, m\u1ee9c \u0111\u1ed9 chi ti\u1ebft h\u1ed3 s\u01a1 v\u00e0 y\u00eau c\u1ea7u k\u1ef9 thu\u1eadt th\u1ef1c t\u1ebf. M\u1ed7i g\u00f3i d\u1ecbch v\u1ee5 bao g\u1ed3m \u0111\u1ea7y \u0111\u1ee7 c\u00e1c h\u1ea1ng m\u1ee5c tri\u1ec3n khai c\u1ea7n thi\u1ebft nh\u1eb1m \u0111\u1ea3m b\u1ea3o c\u00f4ng tr\u00ecnh thi c\u00f4ng \u0111\u00fang thi\u1ebft k\u1ebf v\u00e0 ki\u1ec3m so\u00e1t hi\u1ec7u [&hellip;]\" \/>\n<meta property=\"og:url\" content=\"https:\/\/nettuongxanh.com\/en\/don-gia-thi-cong\/\" \/>\n<meta property=\"og:site_name\" content=\"N\u00e9t T\u01b0\u1eddng Xanh\" \/>\n<meta property=\"article:modified_time\" content=\"2026-04-10T06:42:38+00:00\" \/>\n<meta property=\"og:image\" content=\"https:\/\/nettuongxanh.com\/wp-content\/uploads\/2026\/04\/GIA-THIET-KE-2026-03-1.png\" \/>\n<meta name=\"twitter:card\" content=\"summary_large_image\" \/>\n<meta name=\"twitter:label1\" content=\"Est. reading time\" \/>\n\t<meta name=\"twitter:data1\" content=\"2 minutes\" \/>\n<script type=\"application\/ld+json\" class=\"yoast-schema-graph\">{\"@context\":\"https:\/\/schema.org\",\"@graph\":[{\"@type\":\"WebPage\",\"@id\":\"https:\/\/nettuongxanh.com\/don-gia-thi-cong\/\",\"url\":\"https:\/\/nettuongxanh.com\/don-gia-thi-cong\/\",\"name\":\"\u0110\u01a1n gi\u00e1 thi\u1ebft k\u1ebf - N\u00e9t T\u01b0\u1eddng Xanh\",\"isPartOf\":{\"@id\":\"https:\/\/nettuongxanh.com\/#website\"},\"datePublished\":\"2025-05-05T09:18:14+00:00\",\"dateModified\":\"2026-04-10T06:42:38+00:00\",\"breadcrumb\":{\"@id\":\"https:\/\/nettuongxanh.com\/don-gia-thi-cong\/#breadcrumb\"},\"inLanguage\":\"en-US\",\"potentialAction\":[{\"@type\":\"ReadAction\",\"target\":[\"https:\/\/nettuongxanh.com\/don-gia-thi-cong\/\"]}]},{\"@type\":\"BreadcrumbList\",\"@id\":\"https:\/\/nettuongxanh.com\/don-gia-thi-cong\/#breadcrumb\",\"itemListElement\":[{\"@type\":\"ListItem\",\"position\":1,\"name\":\"Home\",\"item\":\"https:\/\/nettuongxanh.com\/\"},{\"@type\":\"ListItem\",\"position\":2,\"name\":\"\u0110\u01a1n gi\u00e1 thi\u1ebft k\u1ebf\"}]},{\"@type\":\"WebSite\",\"@id\":\"https:\/\/nettuongxanh.com\/#website\",\"url\":\"https:\/\/nettuongxanh.com\/\",\"name\":\"N\u00e9t T\u01b0\u1eddng Xanh\",\"description\":\"\",\"publisher\":{\"@id\":\"https:\/\/nettuongxanh.com\/#organization\"},\"potentialAction\":[{\"@type\":\"SearchAction\",\"target\":{\"@type\":\"EntryPoint\",\"urlTemplate\":\"https:\/\/nettuongxanh.com\/?s={search_term_string}\"},\"query-input\":\"required name=search_term_string\"}],\"inLanguage\":\"en-US\"},{\"@type\":\"Organization\",\"@id\":\"https:\/\/nettuongxanh.com\/#organization\",\"name\":\"N\u00e9t T\u01b0\u1eddng Xanh\",\"url\":\"https:\/\/nettuongxanh.com\/\",\"logo\":{\"@type\":\"ImageObject\",\"inLanguage\":\"en-US\",\"@id\":\"https:\/\/nettuongxanh.com\/#\/schema\/logo\/image\/\",\"url\":\"https:\/\/nettuongxanh.com\/wp-content\/uploads\/2025\/05\/logowhite.png\",\"contentUrl\":\"https:\/\/nettuongxanh.com\/wp-content\/uploads\/2025\/05\/logowhite.png\",\"width\":1398,\"height\":587,\"caption\":\"N\u00e9t T\u01b0\u1eddng Xanh\"},\"image\":{\"@id\":\"https:\/\/nettuongxanh.com\/#\/schema\/logo\/image\/\"}}]}<\/script>\n<!-- \/ Yoast SEO Premium plugin. -->","yoast_head_json":{"title":"\u0110\u01a1n gi\u00e1 thi\u1ebft k\u1ebf - N\u00e9t T\u01b0\u1eddng Xanh","robots":{"index":"index","follow":"follow","max-snippet":"max-snippet:-1","max-image-preview":"max-image-preview:large","max-video-preview":"max-video-preview:-1"},"canonical":"https:\/\/nettuongxanh.com\/en\/don-gia-thi-cong\/","og_locale":"en_US","og_type":"article","og_title":"\u0110\u01a1n gi\u00e1 thi\u1ebft k\u1ebf","og_description":"\u0110\u01a1n gi\u00e1 thi\u1ebft k\u1ebf \u0111\u01b0\u1ee3c x\u00e2y d\u1ef1ng d\u1ef1a tr\u00ean quy m\u00f4 c\u00f4ng tr\u00ecnh, m\u1ee9c \u0111\u1ed9 chi ti\u1ebft h\u1ed3 s\u01a1 v\u00e0 y\u00eau c\u1ea7u k\u1ef9 thu\u1eadt th\u1ef1c t\u1ebf. M\u1ed7i g\u00f3i d\u1ecbch v\u1ee5 bao g\u1ed3m \u0111\u1ea7y \u0111\u1ee7 c\u00e1c h\u1ea1ng m\u1ee5c tri\u1ec3n khai c\u1ea7n thi\u1ebft nh\u1eb1m \u0111\u1ea3m b\u1ea3o c\u00f4ng tr\u00ecnh thi c\u00f4ng \u0111\u00fang thi\u1ebft k\u1ebf v\u00e0 ki\u1ec3m so\u00e1t hi\u1ec7u [&hellip;]","og_url":"https:\/\/nettuongxanh.com\/en\/don-gia-thi-cong\/","og_site_name":"N\u00e9t T\u01b0\u1eddng Xanh","article_modified_time":"2026-04-10T06:42:38+00:00","og_image":[{"url":"https:\/\/nettuongxanh.com\/wp-content\/uploads\/2026\/04\/GIA-THIET-KE-2026-03-1.png"}],"twitter_card":"summary_large_image","twitter_misc":{"Est. reading time":"2 minutes"},"schema":{"@context":"https:\/\/schema.org","@graph":[{"@type":"WebPage","@id":"https:\/\/nettuongxanh.com\/don-gia-thi-cong\/","url":"https:\/\/nettuongxanh.com\/don-gia-thi-cong\/","name":"\u0110\u01a1n gi\u00e1 thi\u1ebft k\u1ebf - N\u00e9t T\u01b0\u1eddng Xanh","isPartOf":{"@id":"https:\/\/nettuongxanh.com\/#website"},"datePublished":"2025-05-05T09:18:14+00:00","dateModified":"2026-04-10T06:42:38+00:00","breadcrumb":{"@id":"https:\/\/nettuongxanh.com\/don-gia-thi-cong\/#breadcrumb"},"inLanguage":"en-US","potentialAction":[{"@type":"ReadAction","target":["https:\/\/nettuongxanh.com\/don-gia-thi-cong\/"]}]},{"@type":"BreadcrumbList","@id":"https:\/\/nettuongxanh.com\/don-gia-thi-cong\/#breadcrumb","itemListElement":[{"@type":"ListItem","position":1,"name":"Home","item":"https:\/\/nettuongxanh.com\/"},{"@type":"ListItem","position":2,"name":"\u0110\u01a1n gi\u00e1 thi\u1ebft k\u1ebf"}]},{"@type":"WebSite","@id":"https:\/\/nettuongxanh.com\/#website","url":"https:\/\/nettuongxanh.com\/","name":"N\u00e9t T\u01b0\u1eddng Xanh","description":"","publisher":{"@id":"https:\/\/nettuongxanh.com\/#organization"},"potentialAction":[{"@type":"SearchAction","target":{"@type":"EntryPoint","urlTemplate":"https:\/\/nettuongxanh.com\/?s={search_term_string}"},"query-input":"required name=search_term_string"}],"inLanguage":"en-US"},{"@type":"Organization","@id":"https:\/\/nettuongxanh.com\/#organization","name":"N\u00e9t T\u01b0\u1eddng Xanh","url":"https:\/\/nettuongxanh.com\/","logo":{"@type":"ImageObject","inLanguage":"en-US","@id":"https:\/\/nettuongxanh.com\/#\/schema\/logo\/image\/","url":"https:\/\/nettuongxanh.com\/wp-content\/uploads\/2025\/05\/logowhite.png","contentUrl":"https:\/\/nettuongxanh.com\/wp-content\/uploads\/2025\/05\/logowhite.png","width":1398,"height":587,"caption":"N\u00e9t T\u01b0\u1eddng Xanh"},"image":{"@id":"https:\/\/nettuongxanh.com\/#\/schema\/logo\/image\/"}}]}},"_links":{"self":[{"href":"https:\/\/nettuongxanh.com\/en\/wp-json\/wp\/v2\/pages\/1571"}],"collection":[{"href":"https:\/\/nettuongxanh.com\/en\/wp-json\/wp\/v2\/pages"}],"about":[{"href":"https:\/\/nettuongxanh.com\/en\/wp-json\/wp\/v2\/types\/page"}],"author":[{"embeddable":true,"href":"https:\/\/nettuongxanh.com\/en\/wp-json\/wp\/v2\/users\/2"}],"replies":[{"embeddable":true,"href":"https:\/\/nettuongxanh.com\/en\/wp-json\/wp\/v2\/comments?post=1571"}],"version-history":[{"count":53,"href":"https:\/\/nettuongxanh.com\/en\/wp-json\/wp\/v2\/pages\/1571\/revisions"}],"predecessor-version":[{"id":2636,"href":"https:\/\/nettuongxanh.com\/en\/wp-json\/wp\/v2\/pages\/1571\/revisions\/2636"}],"wp:attachment":[{"href":"https:\/\/nettuongxanh.com\/en\/wp-json\/wp\/v2\/media?parent=1571"}],"curies":[{"name":"wp","href":"https:\/\/api.w.org\/{rel}","templated":true}]}}