{"id":1837,"date":"2025-05-08T15:30:17","date_gmt":"2025-05-08T08:30:17","guid":{"rendered":"https:\/\/tuongxanh.123websitedev.com\/?page_id=1837"},"modified":"2025-05-08T15:39:17","modified_gmt":"2025-05-08T08:39:17","slug":"truong-hoc","status":"publish","type":"page","link":"https:\/\/nettuongxanh.com\/en\/duan\/truong-hoc\/","title":{"rendered":"School"},"content":{"rendered":"<div data-elementor-type=\"wp-page\" data-elementor-id=\"1837\" class=\"elementor elementor-1837\" data-elementor-post-type=\"page\">\n\t\t\t\t\t\t\t<div class=\"elementor-element elementor-element-d4756ba e-con-full e-flex e-con e-parent\" data-id=\"d4756ba\" data-element_type=\"container\" data-settings=\"{&quot;content_width&quot;:&quot;full&quot;}\" data-core-v316-plus=\"true\">\n\t\t<div class=\"elementor-element elementor-element-c7f90b2 e-flex e-con-boxed e-con e-child\" data-id=\"c7f90b2\" data-element_type=\"container\" data-settings=\"{&quot;content_width&quot;:&quot;boxed&quot;}\">\n\t\t\t\t\t<div class=\"e-con-inner\">\n\t\t\t\t<div class=\"elementor-element elementor-element-6c3e26f logo_du_an elementor-widget elementor-widget-image-box\" data-id=\"6c3e26f\" data-element_type=\"widget\" data-widget_type=\"image-box.default\">\n\t\t\t\t<div class=\"elementor-widget-container\">\n\t\t\t<style>\/*! elementor - v3.18.0 - 08-12-2023 *\/\n.elementor-widget-image-box .elementor-image-box-content{width:100%}@media (min-width:768px){.elementor-widget-image-box.elementor-position-left .elementor-image-box-wrapper,.elementor-widget-image-box.elementor-position-right .elementor-image-box-wrapper{display:flex}.elementor-widget-image-box.elementor-position-right .elementor-image-box-wrapper{text-align:right;flex-direction:row-reverse}.elementor-widget-image-box.elementor-position-left .elementor-image-box-wrapper{text-align:left;flex-direction:row}.elementor-widget-image-box.elementor-position-top .elementor-image-box-img{margin:auto}.elementor-widget-image-box.elementor-vertical-align-top .elementor-image-box-wrapper{align-items:flex-start}.elementor-widget-image-box.elementor-vertical-align-middle .elementor-image-box-wrapper{align-items:center}.elementor-widget-image-box.elementor-vertical-align-bottom .elementor-image-box-wrapper{align-items:flex-end}}@media (max-width:767px){.elementor-widget-image-box .elementor-image-box-img{margin-left:auto!important;margin-right:auto!important;margin-bottom:15px}}.elementor-widget-image-box .elementor-image-box-img{display:inline-block}.elementor-widget-image-box .elementor-image-box-title a{color:inherit}.elementor-widget-image-box .elementor-image-box-wrapper{text-align:center}.elementor-widget-image-box .elementor-image-box-description{margin:0}<\/style><div class=\"elementor-image-box-wrapper\"><div class=\"elementor-image-box-content\"><p class=\"elementor-image-box-description\">Founded by a team of highly qualified architects and engineers, GreenWall Design constantly updates modern design trends, applying advanced technical solutions to optimize functionality, ensuring aesthetics as well as sustainability for each project. Each project at GreenWall Design is carefully crafted, from the idea stage to the completion of construction. We believe that customer satisfaction and trust are the greatest measure of success for a business.<\/p><\/div><\/div>\t\t<\/div>\n\t\t\t\t<\/div>\n\t\t\t\t\t<\/div>\n\t\t\t\t<\/div>\n\t\t<div class=\"elementor-element elementor-element-95e9d87 e-con-full e-flex e-con e-child\" data-id=\"95e9d87\" data-element_type=\"container\" data-settings=\"{&quot;content_width&quot;:&quot;full&quot;}\">\n\t\t\t\t<div class=\"elementor-element elementor-element-cd6d0eb elementor-grid-4 elementor-grid-mobile-1 elementor-grid-tablet-2 elementor-widget elementor-widget-loop-grid\" data-id=\"cd6d0eb\" data-element_type=\"widget\" data-settings=\"{&quot;template_id&quot;:250,&quot;columns&quot;:4,&quot;columns_mobile&quot;:1,&quot;pagination_type&quot;:&quot;numbers_and_prev_next&quot;,&quot;pagination_load_type&quot;:&quot;ajax&quot;,&quot;row_gap&quot;:{&quot;unit&quot;:&quot;px&quot;,&quot;size&quot;:5,&quot;sizes&quot;:[]},&quot;_skin&quot;:&quot;post&quot;,&quot;columns_tablet&quot;:&quot;2&quot;,&quot;edit_handle_selector&quot;:&quot;[data-elementor-type=\\&quot;loop-item\\&quot;]&quot;,&quot;row_gap_tablet&quot;:{&quot;unit&quot;:&quot;px&quot;,&quot;size&quot;:&quot;&quot;,&quot;sizes&quot;:[]},&quot;row_gap_mobile&quot;:{&quot;unit&quot;:&quot;px&quot;,&quot;size&quot;:&quot;&quot;,&quot;sizes&quot;:[]}}\" data-widget_type=\"loop-grid.post\">\n\t\t\t\t<div class=\"elementor-widget-container\">\n\t\t\t<link rel=\"stylesheet\" href=\"https:\/\/nettuongxanh.com\/wp-content\/plugins\/elementor-pro\/assets\/css\/widget-loop-builder.min.css\">\t\t<div class=\"elementor-loop-container elementor-grid\">\n\t\t<style id=\"loop-dynamic-250\">.e-loop-item-1306 .elementor-element.elementor-element-904f593:not(.elementor-motion-effects-element-type-background), .e-loop-item-1306 .elementor-element.elementor-element-904f593 > .elementor-motion-effects-container > .elementor-motion-effects-layer{background-image:url(\"https:\/\/nettuongxanh.com\/wp-content\/uploads\/2025\/04\/1-MD.jpg\");}<\/style><style id=\"loop-250\">.elementor-250 .elementor-element.elementor-element-904f593{--display:flex;--justify-content:space-between;--background-transition:0.3s;--overlay-opacity:0.2;--padding-block-start:0px;--padding-block-end:0px;--padding-inline-start:0px;--padding-inline-end:0px;}.elementor-250 .elementor-element.elementor-element-904f593:not(.elementor-motion-effects-element-type-background), .elementor-250 .elementor-element.elementor-element-904f593 > .elementor-motion-effects-container > .elementor-motion-effects-layer{background-position:center center;background-repeat:no-repeat;background-size:cover;}.elementor-250 .elementor-element.elementor-element-904f593::before, .elementor-250 .elementor-element.elementor-element-904f593 > .elementor-background-video-container::before, .elementor-250 .elementor-element.elementor-element-904f593 > .e-con-inner > .elementor-background-video-container::before, .elementor-250 .elementor-element.elementor-element-904f593 > .elementor-background-slideshow::before, .elementor-250 .elementor-element.elementor-element-904f593 > .e-con-inner > .elementor-background-slideshow::before, .elementor-250 .elementor-element.elementor-element-904f593 > .elementor-motion-effects-container > .elementor-motion-effects-layer::before{--background-overlay:'';background-color:var( --e-global-color-blocksy_palette_2 );}.elementor-250 .elementor-element.elementor-element-904f593:hover::before, .elementor-250 .elementor-element.elementor-element-904f593:hover > .elementor-background-video-container::before, .elementor-250 .elementor-element.elementor-element-904f593:hover > .e-con-inner > .elementor-background-video-container::before, .elementor-250 .elementor-element.elementor-element-904f593 > .elementor-background-slideshow:hover::before, .elementor-250 .elementor-element.elementor-element-904f593 > .e-con-inner > .elementor-background-slideshow:hover::before{--background-overlay:'';background-color:var( --e-global-color-blocksy_palette_1 );}.elementor-250 .elementor-element.elementor-element-904f593:hover{--overlay-opacity:0;}.elementor-250 .elementor-element.elementor-element-904f593, .elementor-250 .elementor-element.elementor-element-904f593::before{--overlay-transition:0.3s;--border-transition:0.3s;}.elementor-250 .elementor-element.elementor-element-904f593.e-con{--flex-grow:0;--flex-shrink:0;}.elementor-250 .elementor-element.elementor-element-7adfa60{--display:flex;--background-transition:0.3s;--padding-block-start:30px;--padding-block-end:30px;--padding-inline-start:30px;--padding-inline-end:30px;--position:absolute;top:0px;--z-index:1;}body:not(.rtl) .elementor-250 .elementor-element.elementor-element-7adfa60{left:0px;}body.rtl .elementor-250 .elementor-element.elementor-element-7adfa60{right:0px;}.elementor-250 .elementor-element.elementor-element-2a62196 .elementor-heading-title{color:var( --e-global-color-blocksy_palette_8 );}.elementor-250 .elementor-element.elementor-element-e8603e1{color:var( --e-global-color-blocksy_palette_8 );}.elementor-250 .elementor-element.elementor-element-5c9e3fb{--display:flex;--background-transition:0.3s;--padding-block-start:30px;--padding-block-end:30px;--padding-inline-start:30px;--padding-inline-end:30px;--position:absolute;bottom:0px;--z-index:1;}body:not(.rtl) .elementor-250 .elementor-element.elementor-element-5c9e3fb{left:0px;}body.rtl .elementor-250 .elementor-element.elementor-element-5c9e3fb{right:0px;}.elementor-250 .elementor-element.elementor-element-1534f9c .elementor-heading-title{color:var( --e-global-color-blocksy_palette_8 );font-size:25px;}.elementor-250 .elementor-element.elementor-element-41fc700 .elementor-button{text-transform:lowercase;background-color:#02010100;padding:0px 0px 0px 0px;}.elementor-250 .elementor-element.elementor-element-eee4763{--display:flex;--background-transition:0.3s;--padding-block-start:0px;--padding-block-end:0px;--padding-inline-start:0px;--padding-inline-end:0px;}.elementor-250 .elementor-element.elementor-element-eee4763:hover::before, .elementor-250 .elementor-element.elementor-element-eee4763:hover > .elementor-background-video-container::before, .elementor-250 .elementor-element.elementor-element-eee4763:hover > .e-con-inner > .elementor-background-video-container::before, .elementor-250 .elementor-element.elementor-element-eee4763 > .elementor-background-slideshow:hover::before, .elementor-250 .elementor-element.elementor-element-eee4763 > .e-con-inner > .elementor-background-slideshow:hover::before{--background-overlay:'';background-color:var( --e-global-color-blocksy_palette_1 );}.elementor-250 .elementor-element.elementor-element-eee4763:hover{--overlay-opacity:0.5;}.elementor-250 .elementor-element.elementor-element-eee4763, .elementor-250 .elementor-element.elementor-element-eee4763::before{--border-transition:0.3s;}.elementor-250 .elementor-element.elementor-element-bcef7fa img{object-position:center center;}.elementor-250 .elementor-element.elementor-element-bcef7fa{z-index:2;}.elementor-250 .elementor-element.elementor-element-bcef7fa:not( .elementor-widget-image ) .elementor-widget-container{-webkit-mask-image:url( https:\/\/nettuongxanh.com\/wp-content\/plugins\/elementor\/assets\/\/mask-shapes\/custom.svg );-webkit-mask-size:contain;-webkit-mask-position:center center;-webkit-mask-repeat:no-repeat;}.elementor-250 .elementor-element.elementor-element-bcef7fa.elementor-widget-image .elementor-widget-container img{-webkit-mask-image:url( https:\/\/nettuongxanh.com\/wp-content\/plugins\/elementor\/assets\/\/mask-shapes\/custom.svg );-webkit-mask-size:contain;-webkit-mask-position:center center;-webkit-mask-repeat:no-repeat;}@media(min-width:768px){.elementor-250 .elementor-element.elementor-element-904f593{--width:100%;}.elementor-250 .elementor-element.elementor-element-eee4763{--width:100%;}}@media(max-width:1024px){.elementor-250 .elementor-element.elementor-element-904f593{--min-height:450px;}}@media(max-width:767px){.elementor-250 .elementor-element.elementor-element-904f593{--min-height:300px;}}\/* Start custom CSS for container, class: .elementor-element-eee4763 *\/.elementor-250 .elementor-element.elementor-element-eee4763 {\n    height: 100%;\n}\/* End custom CSS *\/\n\/* Start custom CSS for container, class: .elementor-element-904f593 *\/.elementor-250 .elementor-element.elementor-element-904f593 {\n aspect-ratio: 3 \/ 4;\n}\/* End custom CSS *\/<\/style>\t\t<div data-elementor-type=\"loop-item\" data-elementor-id=\"250\" class=\"elementor elementor-250 e-loop-item e-loop-item-1306 post-1306 du_an type-du_an status-publish has-post-thumbnail hentry danh_muc_du_an-truong-hoc loai_du_an-thiet-ke loai_du_an-thi-cong-moi\" data-elementor-post-type=\"elementor_library\" data-custom-edit-handle=\"1\">\n\t\t\t\t\t\t<div class=\"elementor-element elementor-element-904f593 loop_duan_congtrinh e-con-full e-flex e-con e-parent\" data-id=\"904f593\" data-element_type=\"container\" data-settings=\"{&quot;background_background&quot;:&quot;classic&quot;,&quot;content_width&quot;:&quot;full&quot;}\" data-core-v316-plus=\"true\">\n\t\t<div class=\"elementor-element elementor-element-7adfa60 e-con-full loop_duan_congtrinh_top e-flex e-con e-child\" data-id=\"7adfa60\" data-element_type=\"container\" data-settings=\"{&quot;content_width&quot;:&quot;full&quot;,&quot;position&quot;:&quot;absolute&quot;}\">\n\t\t\t\t<div class=\"elementor-element elementor-element-2a62196 loop_duan_congtrinh_top_1 elementor-widget elementor-widget-heading\" data-id=\"2a62196\" data-element_type=\"widget\" data-widget_type=\"heading.default\">\n\t\t\t\t<div class=\"elementor-widget-container\">\n\t\t\t<style>\/*! elementor - v3.18.0 - 08-12-2023 *\/\n.elementor-heading-title{padding:0;margin:0;line-height:1}.elementor-widget-heading .elementor-heading-title[class*=elementor-size-]>a{color:inherit;font-size:inherit;line-height:inherit}.elementor-widget-heading .elementor-heading-title.elementor-size-small{font-size:15px}.elementor-widget-heading .elementor-heading-title.elementor-size-medium{font-size:19px}.elementor-widget-heading .elementor-heading-title.elementor-size-large{font-size:29px}.elementor-widget-heading .elementor-heading-title.elementor-size-xl{font-size:39px}.elementor-widget-heading .elementor-heading-title.elementor-size-xxl{font-size:59px}<\/style><h3 class=\"elementor-heading-title elementor-size-default\"><a href=\"https:\/\/nettuongxanh.com\/en\/du-an\/hiast-saigon-co-so-1\/\">HIAST SAIGON C\u01a0 S\u1ede 1<\/a><\/h3>\t\t<\/div>\n\t\t\t\t<\/div>\n\t\t\t\t<div class=\"elementor-element elementor-element-e8603e1 loop_duan_congtrinh_top_2 elementor-widget elementor-widget-text-editor\" data-id=\"e8603e1\" data-element_type=\"widget\" data-widget_type=\"text-editor.default\">\n\t\t\t\t<div class=\"elementor-widget-container\">\n\t\t\t<style>\/*! elementor - v3.18.0 - 08-12-2023 *\/\n.elementor-widget-text-editor.elementor-drop-cap-view-stacked .elementor-drop-cap{background-color:#69727d;color:#fff}.elementor-widget-text-editor.elementor-drop-cap-view-framed .elementor-drop-cap{color:#69727d;border:3px solid;background-color:transparent}.elementor-widget-text-editor:not(.elementor-drop-cap-view-default) .elementor-drop-cap{margin-top:8px}.elementor-widget-text-editor:not(.elementor-drop-cap-view-default) .elementor-drop-cap-letter{width:1em;height:1em}.elementor-widget-text-editor .elementor-drop-cap{float:left;text-align:center;line-height:1;font-size:50px}.elementor-widget-text-editor .elementor-drop-cap-letter{display:inline-block}<\/style>\t\t\t\t<p>V\u0102N PH\u00d2NG \u0110\u1eb8P &#8211; T\u0102NG HI\u1ec6U SU\u1ea4T L\u00c0M VI\u1ec6C &#8211; KH\u1eb2NG \u0110\u1ecaNH TH\u01af\u01a0NG HI\u1ec6U B\u1ea1n \u0111ang c\u1ea7n thi\u1ebft k\u1ebf &amp; thi c\u00f4ng v\u0103n ph\u00f2ng? \ud835\udddb\ud835\udddc\ud835\uddd4\ud835\udde6\ud835\udde7 \ud835\udde6\ud835\uddd4\ud835\udddc\ud835\uddda\ud835\udde2\ud835\udde1 \u2013 m\u1ed9t c\u00f4ng tr\u00ecnh&#8230;\t\t\t\t\t\t<\/div>\n\t\t\t\t<\/div>\n\t\t\t\t<\/div>\n\t\t<div class=\"elementor-element elementor-element-5c9e3fb e-con-full loop_duan_congtrinh_bottom e-flex e-con e-child\" data-id=\"5c9e3fb\" data-element_type=\"container\" data-settings=\"{&quot;content_width&quot;:&quot;full&quot;,&quot;position&quot;:&quot;absolute&quot;}\">\n\t\t\t\t<div class=\"elementor-element elementor-element-1534f9c main_title elementor-widget elementor-widget-heading\" data-id=\"1534f9c\" data-element_type=\"widget\" data-widget_type=\"heading.default\">\n\t\t\t\t<div class=\"elementor-widget-container\">\n\t\t\t<h3 class=\"elementor-heading-title elementor-size-default\">HIAST SAIGON C\u01a0 S\u1ede 1<\/h3>\t\t<\/div>\n\t\t\t\t<\/div>\n\t\t\t\t<div class=\"elementor-element elementor-element-41fc700 elementor-widget elementor-widget-button\" data-id=\"41fc700\" data-element_type=\"widget\" data-widget_type=\"button.default\">\n\t\t\t\t<div class=\"elementor-widget-container\">\n\t\t\t\t\t<div class=\"elementor-button-wrapper\">\n\t\t\t<a class=\"elementor-button elementor-button-link elementor-size-sm\" href=\"https:\/\/nettuongxanh.com\/en\/du-an\/hiast-saigon-co-so-1\/\">\n\t\t\t\t\t\t<span class=\"elementor-button-content-wrapper\">\n\t\t\t\t\t\t<span class=\"elementor-button-icon elementor-align-icon-right\">\n\t\t\t\t<svg aria-hidden=\"true\" class=\"e-font-icon-svg e-fas-chevron-right\" viewbox=\"0 0 320 512\" xmlns=\"http:\/\/www.w3.org\/2000\/svg\"><path d=\"M285.476 272.971L91.132 467.314c-9.373 9.373-24.569 9.373-33.941 0l-22.667-22.667c-9.357-9.357-9.375-24.522-.04-33.901L188.505 256 34.484 101.255c-9.335-9.379-9.317-24.544.04-33.901l22.667-22.667c9.373-9.373 24.569-9.373 33.941 0L285.475 239.03c9.373 9.372 9.373 24.568.001 33.941z\"><\/path><\/svg>\t\t\t<\/span>\n\t\t\t\t\t\t<span class=\"elementor-button-text\">View more<\/span>\n\t\t<\/span>\n\t\t\t\t\t<\/a>\n\t\t<\/div>\n\t\t\t\t<\/div>\n\t\t\t\t<\/div>\n\t\t\t\t<\/div>\n\t\t<div class=\"elementor-element elementor-element-eee4763 e-con-full e-flex e-con e-child\" data-id=\"eee4763\" data-element_type=\"container\" data-settings=\"{&quot;content_width&quot;:&quot;full&quot;,&quot;background_background&quot;:&quot;classic&quot;}\">\n\t\t\t\t<div class=\"elementor-element elementor-element-bcef7fa elementor-widget elementor-widget-image\" data-id=\"bcef7fa\" data-element_type=\"widget\" data-widget_type=\"image.default\">\n\t\t\t\t<div class=\"elementor-widget-container\">\n\t\t\t<style>\/*! elementor - v3.18.0 - 08-12-2023 *\/\n.elementor-widget-image{text-align:center}.elementor-widget-image a{display:inline-block}.elementor-widget-image a img[src$=\".svg\"]{width:48px}.elementor-widget-image img{vertical-align:middle;display:inline-block}<\/style>\t\t\t\t\t\t\t\t\t\t\t\t\t<a href=\"https:\/\/nettuongxanh.com\/en\/du-an\/hiast-saigon-co-so-1\/\">\n\t\t\t\t\t\t\t<img fetchpriority=\"high\" decoding=\"async\" width=\"1135\" height=\"1920\" src=\"https:\/\/nettuongxanh.com\/wp-content\/uploads\/2025\/04\/1-MD.jpg\" class=\"attachment-full size-full wp-image-2181\" alt=\"\" srcset=\"https:\/\/nettuongxanh.com\/wp-content\/uploads\/2025\/04\/1-MD.jpg 1135w, https:\/\/nettuongxanh.com\/wp-content\/uploads\/2025\/04\/1-MD-177x300.jpg 177w, https:\/\/nettuongxanh.com\/wp-content\/uploads\/2025\/04\/1-MD-605x1024.jpg 605w, https:\/\/nettuongxanh.com\/wp-content\/uploads\/2025\/04\/1-MD-768x1299.jpg 768w, https:\/\/nettuongxanh.com\/wp-content\/uploads\/2025\/04\/1-MD-908x1536.jpg 908w, https:\/\/nettuongxanh.com\/wp-content\/uploads\/2025\/04\/1-MD-7x12.jpg 7w\" sizes=\"(max-width: 1135px) 100vw, 1135px\" \/>\t\t\t\t\t\t\t\t<\/a>\n\t\t\t\t\t\t\t\t\t\t\t\t\t\t\t<\/div>\n\t\t\t\t<\/div>\n\t\t\t\t<\/div>\n\t\t\t\t<\/div>\n\t\t\t\t\t\t<\/div>\n\t\t\t\t<\/div>\n\t\t\n\t\t\t\t<\/div>\n\t\t\t\t<\/div>\n\t\t\t\t<\/div>\n\t\t\t\t<\/div>\n\t\t\t\t\t\t\t<\/div>","protected":false},"excerpt":{"rendered":"<p>\u0110\u01b0\u1ee3c th\u00e0nh l\u1eadp b\u1edfi \u0111\u1ed9i ng\u0169 ki\u1ebfn tr\u00fac s\u01b0 v\u00e0 k\u1ef9 s\u01b0 c\u00f3 chuy\u00ean m\u00f4n cao, GreenWall Design kh\u00f4ng ng\u1eebng c\u1eadp nh\u1eadt c\u00e1c xu h\u01b0\u1edbng thi\u1ebft k\u1ebf hi\u1ec7n \u0111\u1ea1i, \u1ee9ng d\u1ee5ng c\u00e1c gi\u1ea3i ph\u00e1p k\u1ef9 thu\u1eadt ti\u00ean ti\u1ebfn nh\u1eb1m t\u1ed1i \u01b0u c\u00f4ng n\u0103ng s\u1eed d\u1ee5ng, \u0111\u1ea3m b\u1ea3o t\u00ednh th\u1ea9m m\u1ef9 c\u0169ng nh\u01b0 \u0111\u1ed9 b\u1ec1n v\u1eefng [&hellip;]<\/p>","protected":false},"author":2,"featured_media":0,"parent":45,"menu_order":5,"comment_status":"closed","ping_status":"closed","template":"elementor_header_footer","meta":{"footnotes":""},"blocksy_meta":[],"acf":[],"yoast_head":"<!-- This site is optimized with the Yoast SEO Premium plugin v20.4 (Yoast SEO v20.4) - https:\/\/yoast.com\/wordpress\/plugins\/seo\/ -->\n<title>Tr\u01b0\u1eddng h\u1ecdc - N\u00e9t T\u01b0\u1eddng Xanh<\/title>\n<meta name=\"robots\" content=\"index, follow, max-snippet:-1, max-image-preview:large, max-video-preview:-1\" \/>\n<link rel=\"canonical\" href=\"https:\/\/nettuongxanh.com\/en\/duan\/truong-hoc\/\" \/>\n<meta property=\"og:locale\" content=\"en_US\" \/>\n<meta property=\"og:type\" content=\"article\" \/>\n<meta property=\"og:title\" content=\"Tr\u01b0\u1eddng h\u1ecdc\" \/>\n<meta property=\"og:description\" content=\"\u0110\u01b0\u1ee3c th\u00e0nh l\u1eadp b\u1edfi \u0111\u1ed9i ng\u0169 ki\u1ebfn tr\u00fac s\u01b0 v\u00e0 k\u1ef9 s\u01b0 c\u00f3 chuy\u00ean m\u00f4n cao, GreenWall Design kh\u00f4ng ng\u1eebng c\u1eadp nh\u1eadt c\u00e1c xu h\u01b0\u1edbng thi\u1ebft k\u1ebf hi\u1ec7n \u0111\u1ea1i, \u1ee9ng d\u1ee5ng c\u00e1c gi\u1ea3i ph\u00e1p k\u1ef9 thu\u1eadt ti\u00ean ti\u1ebfn nh\u1eb1m t\u1ed1i \u01b0u c\u00f4ng n\u0103ng s\u1eed d\u1ee5ng, \u0111\u1ea3m b\u1ea3o t\u00ednh th\u1ea9m m\u1ef9 c\u0169ng nh\u01b0 \u0111\u1ed9 b\u1ec1n v\u1eefng [&hellip;]\" \/>\n<meta property=\"og:url\" content=\"https:\/\/nettuongxanh.com\/en\/duan\/truong-hoc\/\" \/>\n<meta property=\"og:site_name\" content=\"N\u00e9t T\u01b0\u1eddng Xanh\" \/>\n<meta property=\"article:modified_time\" content=\"2025-05-08T08:39:17+00:00\" \/>\n<meta name=\"twitter:card\" content=\"summary_large_image\" \/>\n<meta name=\"twitter:label1\" content=\"Est. reading time\" \/>\n\t<meta name=\"twitter:data1\" content=\"5 minutes\" \/>\n<script type=\"application\/ld+json\" class=\"yoast-schema-graph\">{\"@context\":\"https:\/\/schema.org\",\"@graph\":[{\"@type\":\"WebPage\",\"@id\":\"https:\/\/nettuongxanh.com\/duan\/truong-hoc\/\",\"url\":\"https:\/\/nettuongxanh.com\/duan\/truong-hoc\/\",\"name\":\"Tr\u01b0\u1eddng h\u1ecdc - N\u00e9t T\u01b0\u1eddng Xanh\",\"isPartOf\":{\"@id\":\"https:\/\/nettuongxanh.com\/#website\"},\"datePublished\":\"2025-05-08T08:30:17+00:00\",\"dateModified\":\"2025-05-08T08:39:17+00:00\",\"breadcrumb\":{\"@id\":\"https:\/\/nettuongxanh.com\/duan\/truong-hoc\/#breadcrumb\"},\"inLanguage\":\"en-US\",\"potentialAction\":[{\"@type\":\"ReadAction\",\"target\":[\"https:\/\/nettuongxanh.com\/duan\/truong-hoc\/\"]}]},{\"@type\":\"BreadcrumbList\",\"@id\":\"https:\/\/nettuongxanh.com\/duan\/truong-hoc\/#breadcrumb\",\"itemListElement\":[{\"@type\":\"ListItem\",\"position\":1,\"name\":\"Home\",\"item\":\"https:\/\/nettuongxanh.com\/\"},{\"@type\":\"ListItem\",\"position\":2,\"name\":\"D\u1ef1 \u00e1n\",\"item\":\"https:\/\/nettuongxanh.com\/duan\/\"},{\"@type\":\"ListItem\",\"position\":3,\"name\":\"Tr\u01b0\u1eddng h\u1ecdc\"}]},{\"@type\":\"WebSite\",\"@id\":\"https:\/\/nettuongxanh.com\/#website\",\"url\":\"https:\/\/nettuongxanh.com\/\",\"name\":\"N\u00e9t T\u01b0\u1eddng Xanh\",\"description\":\"\",\"publisher\":{\"@id\":\"https:\/\/nettuongxanh.com\/#organization\"},\"potentialAction\":[{\"@type\":\"SearchAction\",\"target\":{\"@type\":\"EntryPoint\",\"urlTemplate\":\"https:\/\/nettuongxanh.com\/?s={search_term_string}\"},\"query-input\":\"required name=search_term_string\"}],\"inLanguage\":\"en-US\"},{\"@type\":\"Organization\",\"@id\":\"https:\/\/nettuongxanh.com\/#organization\",\"name\":\"N\u00e9t T\u01b0\u1eddng Xanh\",\"url\":\"https:\/\/nettuongxanh.com\/\",\"logo\":{\"@type\":\"ImageObject\",\"inLanguage\":\"en-US\",\"@id\":\"https:\/\/nettuongxanh.com\/#\/schema\/logo\/image\/\",\"url\":\"https:\/\/nettuongxanh.com\/wp-content\/uploads\/2025\/05\/logowhite.png\",\"contentUrl\":\"https:\/\/nettuongxanh.com\/wp-content\/uploads\/2025\/05\/logowhite.png\",\"width\":1398,\"height\":587,\"caption\":\"N\u00e9t T\u01b0\u1eddng Xanh\"},\"image\":{\"@id\":\"https:\/\/nettuongxanh.com\/#\/schema\/logo\/image\/\"}}]}<\/script>\n<!-- \/ Yoast SEO Premium plugin. -->","yoast_head_json":{"title":"Tr\u01b0\u1eddng h\u1ecdc - N\u00e9t T\u01b0\u1eddng Xanh","robots":{"index":"index","follow":"follow","max-snippet":"max-snippet:-1","max-image-preview":"max-image-preview:large","max-video-preview":"max-video-preview:-1"},"canonical":"https:\/\/nettuongxanh.com\/en\/duan\/truong-hoc\/","og_locale":"en_US","og_type":"article","og_title":"Tr\u01b0\u1eddng h\u1ecdc","og_description":"\u0110\u01b0\u1ee3c th\u00e0nh l\u1eadp b\u1edfi \u0111\u1ed9i ng\u0169 ki\u1ebfn tr\u00fac s\u01b0 v\u00e0 k\u1ef9 s\u01b0 c\u00f3 chuy\u00ean m\u00f4n cao, GreenWall Design kh\u00f4ng ng\u1eebng c\u1eadp nh\u1eadt c\u00e1c xu h\u01b0\u1edbng thi\u1ebft k\u1ebf hi\u1ec7n \u0111\u1ea1i, \u1ee9ng d\u1ee5ng c\u00e1c gi\u1ea3i ph\u00e1p k\u1ef9 thu\u1eadt ti\u00ean ti\u1ebfn nh\u1eb1m t\u1ed1i \u01b0u c\u00f4ng n\u0103ng s\u1eed d\u1ee5ng, \u0111\u1ea3m b\u1ea3o t\u00ednh th\u1ea9m m\u1ef9 c\u0169ng nh\u01b0 \u0111\u1ed9 b\u1ec1n v\u1eefng [&hellip;]","og_url":"https:\/\/nettuongxanh.com\/en\/duan\/truong-hoc\/","og_site_name":"N\u00e9t T\u01b0\u1eddng Xanh","article_modified_time":"2025-05-08T08:39:17+00:00","twitter_card":"summary_large_image","twitter_misc":{"Est. reading time":"5 minutes"},"schema":{"@context":"https:\/\/schema.org","@graph":[{"@type":"WebPage","@id":"https:\/\/nettuongxanh.com\/duan\/truong-hoc\/","url":"https:\/\/nettuongxanh.com\/duan\/truong-hoc\/","name":"Tr\u01b0\u1eddng h\u1ecdc - N\u00e9t T\u01b0\u1eddng Xanh","isPartOf":{"@id":"https:\/\/nettuongxanh.com\/#website"},"datePublished":"2025-05-08T08:30:17+00:00","dateModified":"2025-05-08T08:39:17+00:00","breadcrumb":{"@id":"https:\/\/nettuongxanh.com\/duan\/truong-hoc\/#breadcrumb"},"inLanguage":"en-US","potentialAction":[{"@type":"ReadAction","target":["https:\/\/nettuongxanh.com\/duan\/truong-hoc\/"]}]},{"@type":"BreadcrumbList","@id":"https:\/\/nettuongxanh.com\/duan\/truong-hoc\/#breadcrumb","itemListElement":[{"@type":"ListItem","position":1,"name":"Home","item":"https:\/\/nettuongxanh.com\/"},{"@type":"ListItem","position":2,"name":"D\u1ef1 \u00e1n","item":"https:\/\/nettuongxanh.com\/duan\/"},{"@type":"ListItem","position":3,"name":"Tr\u01b0\u1eddng h\u1ecdc"}]},{"@type":"WebSite","@id":"https:\/\/nettuongxanh.com\/#website","url":"https:\/\/nettuongxanh.com\/","name":"N\u00e9t T\u01b0\u1eddng Xanh","description":"","publisher":{"@id":"https:\/\/nettuongxanh.com\/#organization"},"potentialAction":[{"@type":"SearchAction","target":{"@type":"EntryPoint","urlTemplate":"https:\/\/nettuongxanh.com\/?s={search_term_string}"},"query-input":"required name=search_term_string"}],"inLanguage":"en-US"},{"@type":"Organization","@id":"https:\/\/nettuongxanh.com\/#organization","name":"N\u00e9t T\u01b0\u1eddng Xanh","url":"https:\/\/nettuongxanh.com\/","logo":{"@type":"ImageObject","inLanguage":"en-US","@id":"https:\/\/nettuongxanh.com\/#\/schema\/logo\/image\/","url":"https:\/\/nettuongxanh.com\/wp-content\/uploads\/2025\/05\/logowhite.png","contentUrl":"https:\/\/nettuongxanh.com\/wp-content\/uploads\/2025\/05\/logowhite.png","width":1398,"height":587,"caption":"N\u00e9t T\u01b0\u1eddng Xanh"},"image":{"@id":"https:\/\/nettuongxanh.com\/#\/schema\/logo\/image\/"}}]}},"_links":{"self":[{"href":"https:\/\/nettuongxanh.com\/en\/wp-json\/wp\/v2\/pages\/1837"}],"collection":[{"href":"https:\/\/nettuongxanh.com\/en\/wp-json\/wp\/v2\/pages"}],"about":[{"href":"https:\/\/nettuongxanh.com\/en\/wp-json\/wp\/v2\/types\/page"}],"author":[{"embeddable":true,"href":"https:\/\/nettuongxanh.com\/en\/wp-json\/wp\/v2\/users\/2"}],"replies":[{"embeddable":true,"href":"https:\/\/nettuongxanh.com\/en\/wp-json\/wp\/v2\/comments?post=1837"}],"version-history":[{"count":7,"href":"https:\/\/nettuongxanh.com\/en\/wp-json\/wp\/v2\/pages\/1837\/revisions"}],"predecessor-version":[{"id":1870,"href":"https:\/\/nettuongxanh.com\/en\/wp-json\/wp\/v2\/pages\/1837\/revisions\/1870"}],"up":[{"embeddable":true,"href":"https:\/\/nettuongxanh.com\/en\/wp-json\/wp\/v2\/pages\/45"}],"wp:attachment":[{"href":"https:\/\/nettuongxanh.com\/en\/wp-json\/wp\/v2\/media?parent=1837"}],"curies":[{"name":"wp","href":"https:\/\/api.w.org\/{rel}","templated":true}]}}